{"id":315,"date":"2010-01-27T00:45:30","date_gmt":"2010-01-26T23:45:30","guid":{"rendered":"http:\/\/nilsnordmann.de\/blog\/?page_id=315"},"modified":"2022-03-03T20:33:10","modified_gmt":"2022-03-03T19:33:10","slug":"dates-releases-university","status":"publish","type":"page","link":"https:\/\/nilsnordmann.de\/blog\/?page_id=315","title":{"rendered":"Releases \/ Classes"},"content":{"rendered":"<p><strong><span style=\"font-size: medium;\"><br \/>\nOnline Ver\u00f6ffentlichungen<\/span><\/strong><\/p>\n<p><a href=\"http:\/\/nilsnordmann.de\/blog\/wp-content\/uploads\/2012\/11\/Elektroakustische-Studien-72dpi.jpg\" rel=\"lightbox[315]\"><img decoding=\"async\" loading=\"lazy\" title=\"Elektroakustische Studien 72dpi\" src=\"http:\/\/nilsnordmann.de\/blog\/wp-content\/uploads\/2012\/11\/Elektroakustische-Studien-72dpi-300x300.jpg\" alt=\"\" width=\"300\" height=\"300\" \/><\/a><\/p>\n<p>\u201cElektroakustisch\u201d means that the music on this album is produced with and without electronic devices. The title does not imply a genre or habitus.<\/p>\n<p>\u201cStudie\u201d stands for an experimental, process-orientated method. I do not consider these \u201cStudien\u201d as complete songs or tracks.<\/p>\n<p>\u201cElektroakustische Studien\u201d is no promise. It is a desrciption a priori. No genres. No limitations. Just me.<\/p>\n<p>Instruments used:<br \/>\nBass Guitar, Cello, Drums, Flute, Grand Piano, Melodica, Phone Connector, Ping Pong Ball, Saxophone, Synthesizer, Tuba, Vibraphone, Voice, Xylophone<\/p>\n<p>Software used: Ableton Live, Max\/MSP<\/p>\n<p><a href=\"http:\/\/averagenoise.tumblr.com\" target=\"_blank\" rel=\"noopener\"><img decoding=\"async\" loading=\"lazy\" title=\"AN\" src=\"http:\/\/nilsnordmann.de\/blog\/wp-content\/uploads\/2012\/11\/AN.jpg\" alt=\"\" width=\"150\" height=\"70\" \/><\/a><a href=\"http:\/\/nilsnordmann.bandcamp.com\/album\/elektroakustische-studien\" target=\"_blank\" rel=\"noopener\"><img decoding=\"async\" loading=\"lazy\" title=\"bck\" src=\"http:\/\/nilsnordmann.de\/blog\/wp-content\/uploads\/2012\/11\/bck.jpg\" alt=\"\" width=\"150\" height=\"31\" \/><\/a>\u00a0<a href=\"http:\/\/nilsnordmann.de\/ElektroakustischeStudien\/\" target=\"_blank\" rel=\"noopener\"><img decoding=\"async\" loading=\"lazy\" title=\"nn\" src=\"http:\/\/nilsnordmann.de\/blog\/wp-content\/uploads\/2012\/11\/nn.jpg\" alt=\"\" width=\"170\" height=\"31\" \/><\/a><\/p>\n<p><iframe loading=\"lazy\" style=\"position: relative; display: block; width: 300px; height: 410px;\" src=\"http:\/\/bandcamp.com\/EmbeddedPlayer\/v=2\/album=2079981983\/size=grande3\/bgcol=FFFFFF\/linkcol=4285BB\/\" width=\"300\" height=\"410\" frameborder=\"0\"><\/iframe><\/p>\n<p>&#8212;&#8212;&#8212;&#8212;&#8212;&#8212;&#8212;&#8212;&#8212;&#8212;&#8212;&#8212;&#8212;&#8212;&#8212;&#8212;&#8212;&#8212;&#8212;&#8212;&#8212;&#8212;&#8212;&#8212;&#8212;&#8212;&#8212;&#8212;&#8212;&#8212;&#8212;&#8212;&#8212;&#8212;&#8212;&#8212;&#8212;&#8212;&#8212;&#8211;<\/p>\n<p><strong>Nils Nordmann &#8211; They Say That Time Changes Things, But You Actually Have To Change Them Yourself<\/strong><\/p>\n<p>7 Titel<\/p>\n<p>Spielzeit: 29:13 Min.<br \/>\nAufgenommen und gemischt im Sommer 2009 @ Studio Royal, Hannover von Nils Nordmann<\/p>\n<p>Titel:<br \/>\n01 Yeah Ah<br \/>\n02 Phase#1<br \/>\n03 Well Tuned DX7<br \/>\n04 Ether<br \/>\n05 They Say<br \/>\n06 Phase#2<br \/>\n07 Taipeh 201<\/p>\n<p><a href=\"http:\/\/nilsnordmann.de\/blog\/wp-content\/uploads\/2010\/01\/Nils-Nordmann-They-say-Cover.jpg\" rel=\"lightbox[315]\"><img decoding=\"async\" loading=\"lazy\" class=\"alignnone size-medium wp-image-316\" title=\"Nils Nordmann-They say Cover\" src=\"http:\/\/nilsnordmann.de\/blog\/wp-content\/uploads\/2010\/01\/Nils-Nordmann-They-say-Cover-300x300.jpg\" alt=\"\" width=\"300\" height=\"300\" srcset=\"https:\/\/nilsnordmann.de\/blog\/wp-content\/uploads\/2010\/01\/Nils-Nordmann-They-say-Cover-300x300.jpg 300w, https:\/\/nilsnordmann.de\/blog\/wp-content\/uploads\/2010\/01\/Nils-Nordmann-They-say-Cover-100x100.jpg 100w, https:\/\/nilsnordmann.de\/blog\/wp-content\/uploads\/2010\/01\/Nils-Nordmann-They-say-Cover.jpg 600w\" sizes=\"(max-width: 300px) 100vw, 300px\" \/><\/a><\/p>\n<p><a href=\"http:\/\/nilsnordmann.de\/audio\/NN-TS2009.zip\" target=\"_blank\" rel=\"noopener\">Download Album (61mb)<\/a><br \/>\n&#8212;&#8212;&#8212;&#8212;&#8212;&#8212;&#8212;&#8212;&#8212;&#8212;&#8212;&#8212;&#8212;&#8212;&#8212;&#8212;&#8212;&#8212;&#8212;&#8212;&#8212;&#8212;&#8212;&#8212;&#8212;&#8212;&#8212;&#8212;&#8212;&#8212;&#8212;&#8212;&#8212;&#8212;&#8212;&#8212;&#8212;&#8212;&#8212;&#8211;<\/p>\n<p><span style=\"font-size: medium;\"><strong><br \/>\nLehre<\/strong>\u00a0<\/span><\/p>\n<p><strong>&#8220;Have you got Jack?&#8221; &#8211; Zur Geschichte und Produktion elektronischer Tanzmusik<\/strong>, montags, 16-18 Uhr, SS 2012,\u00a0<a href=\"http:\/\/www.uni-hildesheim-musik.de\/cms\/\" target=\"_blank\" rel=\"noopener\">Universit\u00e4t Hildesheim<\/a><br \/>\n<strong>Beschreibung:<\/strong><\/p>\n<p>Die Studierenden dieses Seminar erforschen die Urspr\u00fcnge der elektronischen Tanzmusik &#8211; von Disco \u00fcber House zu Techno und Breakbeat. Es werden genretypischen Merkmale herausgestellt und einzelne Werke analysiert. Weiterhin bekommen die Teilnehmer des Seminars einen praktischen Einblick in die Produktionsweisen von elektronischer Tanzmusik.<\/p>\n<p><em id=\"__mceDel\"> Die Studienleistung besteht aus der Produktion eines eigenen EDM-Tracks oder der experimentellen (Neu-)Arrangierung eines bestehenden Werkes.<\/em><\/p>\n<p><strong><br \/>\nGeschichte, Genres und \u00c4sthetik der Elektronischen Musik<\/strong>, freitags, 12-14 Uhr, WS 2011\/12,\u00a0<a href=\"http:\/\/www.uni-hildesheim-musik.de\/cms\/\" target=\"_blank\" rel=\"noopener\">Universit\u00e4t Hildesheim<\/a><\/p>\n<p><strong>Beschreibung:<\/strong><\/p>\n<p>Elektronische Musik ist Mainstream. Inzwischen kommt fast keine Musikproduktion ohne elektronische Mittel aus, sei es durch Synthesizerkl\u00e4nge, Loops und Samples, mit denen die Musik angereichert wird oder durch die inzwischen vollelektronischen Aufnahmeger\u00e4te, die den Gesang gl\u00e4tten oder die Fehler der Musiker herausfiltern.<br \/>\nWie aber entstanden all diese neuen M\u00f6glichkeiten? Wie kann man Elektronische Musik \u00fcberhaupt definieren? Welche \u00e4sthetischen Gesichtspunkte bringt dieses Genre mit sich?<\/p>\n<p>Dieses Seminar besch\u00e4ftigt sich mit geschichtlichen und \u00e4sthetischen Aspekten der Elektronischen Musik. W\u00e4hrend der erste Teil des Seminars in Vorlesungsform den Studierenden einen Einblick in das Thema vermitteln soll, ist der zweite Teil praxisorientiert. Hier organisieren die Studierenden eine Veranstaltung mit elektronischer Live-Musik und Vortr\u00e4gen.<\/p>\n<p>&#8220;<em>As for the future of electronic music, it seems quite obvious to me that its unique resources guarantee its use, because it has shifted the boundaries of music away from the limitations of the acoustical instrument, of the performer&#8217;s coordinating capabilities, to the almost infinite limitations of the electronic instrument. The new limitations are the human ones of perception<\/em>&#8221; (Milton Babbitt).<\/p>\n<p><strong>Elektronische Musik im Spannungsfeld zwischen U- und E-Musik<\/strong>, donnerstags, 18-20 Uhr, SS 2011,\u00a0<a href=\"http:\/\/www.uni-hildesheim-musik.de\/cms\/\" target=\"_blank\" rel=\"noopener\">Universit\u00e4t Hildesheim<\/a><\/p>\n<p><strong>Beschreibung:<\/strong><\/p>\n<p>Die haupts\u00e4chlich im deutschsprachigen Raum getroffene prinzipielle Unterscheidung von &#8220;leichter&#8221; und &#8220;ernster&#8221; Musik wird in der Musikwissenschaft kontrovers diskutiert. Gerade die elektronischen Musik, in ihrer Bandbreite von Techno bis hin zu Neuer Musik, befindet sich im Spannungsfeld zwischen E- und U-Musik. \u00a0In diesem Seminar sollen die Studierenden einen Einblick in die Geschichte dieser Klassifikation gewinnen und sich mit dem Thema, bezogen auf die elektronische Musik, anhand von Fallbeispielen und ausgew\u00e4hlten Texten kritisch auseinandersetzen.<\/p>\n","protected":false},"excerpt":{"rendered":"<p>Online Ver\u00f6ffentlichungen \u201cElektroakustisch\u201d means that the music on this album is produced with and without electronic devices. The title does not imply a genre or&hellip;<\/p>\n","protected":false},"author":1,"featured_media":0,"parent":0,"menu_order":5,"comment_status":"open","ping_status":"closed","template":"","meta":[],"_links":{"self":[{"href":"https:\/\/nilsnordmann.de\/blog\/index.php?rest_route=\/wp\/v2\/pages\/315"}],"collection":[{"href":"https:\/\/nilsnordmann.de\/blog\/index.php?rest_route=\/wp\/v2\/pages"}],"about":[{"href":"https:\/\/nilsnordmann.de\/blog\/index.php?rest_route=\/wp\/v2\/types\/page"}],"author":[{"embeddable":true,"href":"https:\/\/nilsnordmann.de\/blog\/index.php?rest_route=\/wp\/v2\/users\/1"}],"replies":[{"embeddable":true,"href":"https:\/\/nilsnordmann.de\/blog\/index.php?rest_route=%2Fwp%2Fv2%2Fcomments&post=315"}],"version-history":[{"count":33,"href":"https:\/\/nilsnordmann.de\/blog\/index.php?rest_route=\/wp\/v2\/pages\/315\/revisions"}],"predecessor-version":[{"id":866,"href":"https:\/\/nilsnordmann.de\/blog\/index.php?rest_route=\/wp\/v2\/pages\/315\/revisions\/866"}],"wp:attachment":[{"href":"https:\/\/nilsnordmann.de\/blog\/index.php?rest_route=%2Fwp%2Fv2%2Fmedia&parent=315"}],"curies":[{"name":"wp","href":"https:\/\/api.w.org\/{rel}","templated":true}]}}